{"id":1041,"date":"2024-09-06T21:41:23","date_gmt":"2024-09-06T21:41:23","guid":{"rendered":"https:\/\/lejsalgskonsulent.dk\/blog\/"},"modified":"2024-09-16T13:59:11","modified_gmt":"2024-09-16T13:59:11","slug":"blog","status":"publish","type":"page","link":"https:\/\/lejsalgskonsulent.dk\/en\/blog\/","title":{"rendered":"Blog"},"content":{"rendered":"\t\t<div data-elementor-type=\"wp-page\" data-elementor-id=\"1041\" class=\"elementor elementor-1041 elementor-219\" data-elementor-post-type=\"page\">\n\t\t\t\t<div class=\"elementor-element elementor-element-f13a79b e-flex e-con-boxed e-con e-parent\" data-id=\"f13a79b\" data-element_type=\"container\" data-e-type=\"container\" data-settings=\"{&quot;background_background&quot;:&quot;classic&quot;}\">\n\t\t\t\t\t<div class=\"e-con-inner\">\n\t\t\t\t<div class=\"elementor-element elementor-element-cd0f644 elementor-invisible elementor-widget elementor-widget-heading\" data-id=\"cd0f644\" data-element_type=\"widget\" data-e-type=\"widget\" data-settings=\"{&quot;_animation&quot;:&quot;fadeIn&quot;,&quot;_animation_delay&quot;:100}\" data-widget_type=\"heading.default\">\n\t\t\t\t<div class=\"elementor-widget-container\">\n\t\t\t\t\t<h2 class=\"elementor-heading-title elementor-size-default\">Our Blog<\/h2>\t\t\t\t<\/div>\n\t\t\t\t<\/div>\n\t\t\t\t\t<\/div>\n\t\t\t\t<\/div>\n\t\t<div class=\"elementor-element elementor-element-18e8eb7 e-flex e-con-boxed e-con e-parent\" data-id=\"18e8eb7\" data-element_type=\"container\" data-e-type=\"container\">\n\t\t\t\t\t<div class=\"e-con-inner\">\n\t\t\t\t<div class=\"elementor-element elementor-element-5570358 blog-filter-wrapper elementor-invisible elementor-widget elementor-widget-pd-pcf\" data-id=\"5570358\" data-element_type=\"widget\" data-e-type=\"widget\" data-settings=\"{&quot;_animation&quot;:&quot;fadeIn&quot;,&quot;_animation_delay&quot;:100}\" data-widget_type=\"pd-pcf.default\">\n\t\t\t\t<div class=\"elementor-widget-container\">\n\t\t\t\t\t<div\r\n\t        \t\tclass=\"pd-pcf-container pd-pcf-column-type-default\"\r\n\t        \t\tid=\"wbel_pd_pcf_pd_pcf5570358\"\r\n\t        \t\tdata-columns_per_row=\"3\"\r\n\t        \t\tdata-post_types=\"post\"\r\n\t        \t\tdata-tax_query=\"{&quot;0&quot;:{&quot;taxonomy&quot;:&quot;category&quot;,&quot;field&quot;:&quot;id&quot;,&quot;terms&quot;:[6]},&quot;relation&quot;:&quot;OR&quot;}\"\r\n\t        \t\tdata-posts_per_page=\"9\"\r\n\t        \t\tdata-settings=\"{&quot;category_ids&quot;:&quot;&quot;,&quot;template_style&quot;:&quot;default&quot;,&quot;columns_per_row&quot;:3,&quot;read_more_text&quot;:&quot;L\\u00e6s mere&quot;,&quot;post_types&quot;:&quot;post&quot;,&quot;posts_per_page&quot;:9,&quot;thumbnail_size_size&quot;:&quot;medium&quot;,&quot;thumbnail_size_custom_dimension&quot;:null,&quot;display_image&quot;:&quot;yes&quot;,&quot;id&quot;:&quot;pd_pcf5570358&quot;}\"\r\n\t        \t>\t\r\n\t        \t<div class=\"wbel-pd-pcf-category-container pd-pcf-filter-button-group\">\r\n\t        \t\t\t\t\t\t\t  <a href=\"#\" class=\"pd-pcf-filter-btn\" data-filter=\"*\">Vis Alle<\/a>\r\n\t\t\t\t\t  \r\n\t        \t<\/div>\r\n\t        <div\r\n\t\t        \t\tclass=\"wbel_pd_pcf_wrapper wbel_pd_pcf_default\"\r\n\t\t        \t><\/div><\/div>\t\t\t\t<\/div>\n\t\t\t\t<\/div>\n\t\t\t\t\t<\/div>\n\t\t\t\t<\/div>\n\t\t<div class=\"elementor-element elementor-element-23a8e18 e-flex e-con-boxed e-con e-parent\" data-id=\"23a8e18\" data-element_type=\"container\" data-e-type=\"container\">\n\t\t\t\t\t<div class=\"e-con-inner\">\n\t\t\t\t<div class=\"elementor-element elementor-element-c500540 elementor-invisible elementor-widget elementor-widget-heading\" data-id=\"c500540\" data-element_type=\"widget\" data-e-type=\"widget\" data-settings=\"{&quot;_animation&quot;:&quot;fadeIn&quot;,&quot;_animation_delay&quot;:100}\" data-widget_type=\"heading.default\">\n\t\t\t\t<div class=\"elementor-widget-container\">\n\t\t\t\t\t<h2 class=\"elementor-heading-title elementor-size-default\">Videos<\/h2>\t\t\t\t<\/div>\n\t\t\t\t<\/div>\n\t\t<div class=\"elementor-element elementor-element-11096e2 e-grid e-con-full e-con e-child\" data-id=\"11096e2\" data-element_type=\"container\" data-e-type=\"container\">\n\t\t\t\t<div class=\"elementor-element elementor-element-b22e394 elementor-widget elementor-widget-video\" data-id=\"b22e394\" data-element_type=\"widget\" data-e-type=\"widget\" data-settings=\"{&quot;youtube_url&quot;:&quot;https:\\\/\\\/www.youtube.com\\\/watch?v=BQ7tQubpvrw&quot;,&quot;video_type&quot;:&quot;youtube&quot;,&quot;controls&quot;:&quot;yes&quot;}\" data-widget_type=\"video.default\">\n\t\t\t\t<div class=\"elementor-widget-container\">\n\t\t\t\t\t\t\t<div class=\"elementor-wrapper elementor-open-inline\">\n\t\t\t<div class=\"elementor-video\"><\/div>\t\t<\/div>\n\t\t\t\t\t\t<\/div>\n\t\t\t\t<\/div>\n\t\t\t\t<div class=\"elementor-element elementor-element-442dc81 elementor-widget elementor-widget-video\" data-id=\"442dc81\" data-element_type=\"widget\" data-e-type=\"widget\" data-settings=\"{&quot;youtube_url&quot;:&quot;https:\\\/\\\/www.youtube.com\\\/watch?v=5HfjMjQdoDs&quot;,&quot;video_type&quot;:&quot;youtube&quot;,&quot;controls&quot;:&quot;yes&quot;}\" data-widget_type=\"video.default\">\n\t\t\t\t<div class=\"elementor-widget-container\">\n\t\t\t\t\t\t\t<div class=\"elementor-wrapper elementor-open-inline\">\n\t\t\t<div class=\"elementor-video\"><\/div>\t\t<\/div>\n\t\t\t\t\t\t<\/div>\n\t\t\t\t<\/div>\n\t\t\t\t<div class=\"elementor-element elementor-element-00b624a elementor-widget elementor-widget-video\" data-id=\"00b624a\" data-element_type=\"widget\" data-e-type=\"widget\" data-settings=\"{&quot;youtube_url&quot;:&quot;https:\\\/\\\/www.youtube.com\\\/watch?v=9p1T8s5OTls&quot;,&quot;video_type&quot;:&quot;youtube&quot;,&quot;controls&quot;:&quot;yes&quot;}\" data-widget_type=\"video.default\">\n\t\t\t\t<div class=\"elementor-widget-container\">\n\t\t\t\t\t\t\t<div class=\"elementor-wrapper elementor-open-inline\">\n\t\t\t<div class=\"elementor-video\"><\/div>\t\t<\/div>\n\t\t\t\t\t\t<\/div>\n\t\t\t\t<\/div>\n\t\t\t\t<div class=\"elementor-element elementor-element-9fff13a elementor-widget elementor-widget-video\" data-id=\"9fff13a\" data-element_type=\"widget\" data-e-type=\"widget\" data-settings=\"{&quot;youtube_url&quot;:&quot;https:\\\/\\\/www.youtube.com\\\/watch?v=KGgf-7B0evs&quot;,&quot;video_type&quot;:&quot;youtube&quot;,&quot;controls&quot;:&quot;yes&quot;}\" data-widget_type=\"video.default\">\n\t\t\t\t<div class=\"elementor-widget-container\">\n\t\t\t\t\t\t\t<div class=\"elementor-wrapper elementor-open-inline\">\n\t\t\t<div class=\"elementor-video\"><\/div>\t\t<\/div>\n\t\t\t\t\t\t<\/div>\n\t\t\t\t<\/div>\n\t\t\t\t<div class=\"elementor-element elementor-element-3520627 elementor-widget elementor-widget-video\" data-id=\"3520627\" data-element_type=\"widget\" data-e-type=\"widget\" data-settings=\"{&quot;youtube_url&quot;:&quot;https:\\\/\\\/www.youtube.com\\\/watch?v=IA8VJU2ZzGI&quot;,&quot;video_type&quot;:&quot;youtube&quot;,&quot;controls&quot;:&quot;yes&quot;}\" data-widget_type=\"video.default\">\n\t\t\t\t<div class=\"elementor-widget-container\">\n\t\t\t\t\t\t\t<div class=\"elementor-wrapper elementor-open-inline\">\n\t\t\t<div class=\"elementor-video\"><\/div>\t\t<\/div>\n\t\t\t\t\t\t<\/div>\n\t\t\t\t<\/div>\n\t\t\t\t<div class=\"elementor-element elementor-element-ad730a5 elementor-widget elementor-widget-video\" data-id=\"ad730a5\" data-element_type=\"widget\" data-e-type=\"widget\" data-settings=\"{&quot;youtube_url&quot;:&quot;https:\\\/\\\/www.youtube.com\\\/watch?v=dDizthM_BmQ&quot;,&quot;video_type&quot;:&quot;youtube&quot;,&quot;controls&quot;:&quot;yes&quot;}\" data-widget_type=\"video.default\">\n\t\t\t\t<div class=\"elementor-widget-container\">\n\t\t\t\t\t\t\t<div class=\"elementor-wrapper elementor-open-inline\">\n\t\t\t<div class=\"elementor-video\"><\/div>\t\t<\/div>\n\t\t\t\t\t\t<\/div>\n\t\t\t\t<\/div>\n\t\t\t\t<div class=\"elementor-element elementor-element-daf9b85 elementor-widget elementor-widget-video\" data-id=\"daf9b85\" data-element_type=\"widget\" data-e-type=\"widget\" data-settings=\"{&quot;youtube_url&quot;:&quot;https:\\\/\\\/www.youtube.com\\\/watch?v=pRMIGuxkeYw&quot;,&quot;video_type&quot;:&quot;youtube&quot;,&quot;controls&quot;:&quot;yes&quot;}\" data-widget_type=\"video.default\">\n\t\t\t\t<div class=\"elementor-widget-container\">\n\t\t\t\t\t\t\t<div class=\"elementor-wrapper elementor-open-inline\">\n\t\t\t<div class=\"elementor-video\"><\/div>\t\t<\/div>\n\t\t\t\t\t\t<\/div>\n\t\t\t\t<\/div>\n\t\t\t\t<\/div>\n\t\t\t\t\t<\/div>\n\t\t\t\t<\/div>\n\t\t<div class=\"elementor-element elementor-element-a840d82 e-flex e-con-boxed e-con e-parent\" data-id=\"a840d82\" data-element_type=\"container\" data-e-type=\"container\">\n\t\t\t\t\t<div class=\"e-con-inner\">\n\t\t<div class=\"elementor-element elementor-element-183cb07 e-con-full e-flex e-con e-child\" data-id=\"183cb07\" data-element_type=\"container\" data-e-type=\"container\">\n\t\t<div class=\"elementor-element elementor-element-91ced24 e-con-full e-flex e-con e-child\" data-id=\"91ced24\" data-element_type=\"container\" data-e-type=\"container\">\n\t\t<div class=\"elementor-element elementor-element-2e794d4 e-con-full e-flex elementor-invisible e-con e-child\" data-id=\"2e794d4\" data-element_type=\"container\" data-e-type=\"container\" data-settings=\"{&quot;background_background&quot;:&quot;classic&quot;,&quot;animation&quot;:&quot;fadeIn&quot;,&quot;animation_delay&quot;:100}\">\n\t\t\t\t<div class=\"elementor-element elementor-element-433697f elementor-widget elementor-widget-heading\" data-id=\"433697f\" data-element_type=\"widget\" data-e-type=\"widget\" data-widget_type=\"heading.default\">\n\t\t\t\t<div class=\"elementor-widget-container\">\n\t\t\t\t\t<h2 class=\"elementor-heading-title elementor-size-default\">Ready to take your sales department to the next level?<\/h2>\t\t\t\t<\/div>\n\t\t\t\t<\/div>\n\t\t<div class=\"elementor-element elementor-element-77d3023 e-con-full e-flex e-con e-child\" data-id=\"77d3023\" data-element_type=\"container\" data-e-type=\"container\">\n\t\t\t\t<div class=\"elementor-element elementor-element-2fb2be3 elementor-widget elementor-widget-heading\" data-id=\"2fb2be3\" data-element_type=\"widget\" data-e-type=\"widget\" data-widget_type=\"heading.default\">\n\t\t\t\t<div class=\"elementor-widget-container\">\n\t\t\t\t\t<h2 class=\"elementor-heading-title elementor-size-default\">Book a meeting below<\/h2>\t\t\t\t<\/div>\n\t\t\t\t<\/div>\n\t\t\t\t<\/div>\n\t\t\t\t<div class=\"elementor-element elementor-element-61eb567 elementor-align-center elementor-icon-list--layout-traditional elementor-list-item-link-full_width elementor-widget elementor-widget-icon-list\" data-id=\"61eb567\" data-element_type=\"widget\" data-e-type=\"widget\" data-widget_type=\"icon-list.default\">\n\t\t\t\t<div class=\"elementor-widget-container\">\n\t\t\t\t\t\t\t<ul class=\"elementor-icon-list-items\">\n\t\t\t\t\t\t\t<li class=\"elementor-icon-list-item\">\n\t\t\t\t\t\t\t\t\t\t\t<a href=\"tel:+45%2061418883\">\n\n\t\t\t\t\t\t\t\t\t\t\t\t<span class=\"elementor-icon-list-icon\">\n\t\t\t\t\t\t\t<svg aria-hidden=\"true\" class=\"e-font-icon-svg e-fas-phone\" viewBox=\"0 0 512 512\" xmlns=\"http:\/\/www.w3.org\/2000\/svg\"><path d=\"M493.4 24.6l-104-24c-11.3-2.6-22.9 3.3-27.5 13.9l-48 112c-4.2 9.8-1.4 21.3 6.9 28l60.6 49.6c-36 76.7-98.9 140.5-177.2 177.2l-49.6-60.6c-6.8-8.3-18.2-11.1-28-6.9l-112 48C3.9 366.5-2 378.1.6 389.4l24 104C27.1 504.2 36.7 512 48 512c256.1 0 464-207.5 464-464 0-11.2-7.7-20.9-18.6-23.4z\"><\/path><\/svg>\t\t\t\t\t\t<\/span>\n\t\t\t\t\t\t\t\t\t\t<span class=\"elementor-icon-list-text\">+45 61418883<\/span>\n\t\t\t\t\t\t\t\t\t\t\t<\/a>\n\t\t\t\t\t\t\t\t\t<\/li>\n\t\t\t\t\t\t\t\t<li class=\"elementor-icon-list-item\">\n\t\t\t\t\t\t\t\t\t\t\t<a href=\"https:\/\/www.google.com\/maps\/dir\/\/Strandvejen+41+4300+Holb%C3%A6k+Denmark\/@55.7355896,11.6968234,10z\/data=!4m8!4m7!1m0!1m5!1m1!1s0x46527ead2d156141:0xa351624f3513e040!2m2!1d11.6968234!2d55.7355896?entry=ttu=EgoyMDI0MDkwMi4xIKXMDSoASAFQAw%3D%3D\" target=\"_blank\">\n\n\t\t\t\t\t\t\t\t\t\t\t\t<span class=\"elementor-icon-list-icon\">\n\t\t\t\t\t\t\t<svg aria-hidden=\"true\" class=\"e-font-icon-svg e-fas-map-marker\" viewBox=\"0 0 384 512\" xmlns=\"http:\/\/www.w3.org\/2000\/svg\"><path d=\"M172.268 501.67C26.97 291.031 0 269.413 0 192 0 85.961 85.961 0 192 0s192 85.961 192 192c0 77.413-26.97 99.031-172.268 309.67-9.535 13.774-29.93 13.773-39.464 0z\"><\/path><\/svg>\t\t\t\t\t\t<\/span>\n\t\t\t\t\t\t\t\t\t\t<span class=\"elementor-icon-list-text\">Strandvejen 41, 4300 Holb\u00e6k, Denmark<\/span>\n\t\t\t\t\t\t\t\t\t\t\t<\/a>\n\t\t\t\t\t\t\t\t\t<\/li>\n\t\t\t\t\t\t\t\t<li class=\"elementor-icon-list-item\">\n\t\t\t\t\t\t\t\t\t\t\t<a href=\"http:\/\/info@lejsalgskonsulent.dk\">\n\n\t\t\t\t\t\t\t\t\t\t\t\t<span class=\"elementor-icon-list-icon\">\n\t\t\t\t\t\t\t<svg aria-hidden=\"true\" class=\"e-font-icon-svg e-far-envelope\" viewBox=\"0 0 512 512\" xmlns=\"http:\/\/www.w3.org\/2000\/svg\"><path d=\"M464 64H48C21.49 64 0 85.49 0 112v288c0 26.51 21.49 48 48 48h416c26.51 0 48-21.49 48-48V112c0-26.51-21.49-48-48-48zm0 48v40.805c-22.422 18.259-58.168 46.651-134.587 106.49-16.841 13.247-50.201 45.072-73.413 44.701-23.208.375-56.579-31.459-73.413-44.701C106.18 199.465 70.425 171.067 48 152.805V112h416zM48 400V214.398c22.914 18.251 55.409 43.862 104.938 82.646 21.857 17.205 60.134 55.186 103.062 54.955 42.717.231 80.509-37.199 103.053-54.947 49.528-38.783 82.032-64.401 104.947-82.653V400H48z\"><\/path><\/svg>\t\t\t\t\t\t<\/span>\n\t\t\t\t\t\t\t\t\t\t<span class=\"elementor-icon-list-text\">info@lejsalgskonsulent.dk<\/span>\n\t\t\t\t\t\t\t\t\t\t\t<\/a>\n\t\t\t\t\t\t\t\t\t<\/li>\n\t\t\t\t\t\t<\/ul>\n\t\t\t\t\t\t<\/div>\n\t\t\t\t<\/div>\n\t\t\t\t<\/div>\n\t\t\t\t<\/div>\n\t\t\t\t<\/div>\n\t\t\t\t\t<\/div>\n\t\t\t\t<\/div>\n\t\t<div class=\"elementor-element elementor-element-8fb25a6 e-flex e-con-boxed elementor-invisible e-con e-parent\" data-id=\"8fb25a6\" data-element_type=\"container\" data-e-type=\"container\" data-settings=\"{&quot;animation&quot;:&quot;fadeIn&quot;}\">\n\t\t\t\t\t<div class=\"e-con-inner\">\n\t\t\t\t<div class=\"elementor-element elementor-element-6b09d99 elementor-widget elementor-widget-html\" data-id=\"6b09d99\" data-element_type=\"widget\" data-e-type=\"widget\" data-widget_type=\"html.default\">\n\t\t\t\t<div class=\"elementor-widget-container\">\n\t\t\t\t\t<!-- Cal inline embed code begins -->\n<div style=\"width:100%;height:100%;overflow:scroll\" id=\"my-cal-inline\"><\/div>\n<script type=\"text\/javascript\">\n  (function (C, A, L) { let p = function (a, ar) { a.q.push(ar); }; let d = C.document; C.Cal = C.Cal || function () { let cal = C.Cal; let ar = arguments; if (!cal.loaded) { cal.ns = {}; cal.q = cal.q || []; d.head.appendChild(d.createElement(\"script\")).src = A; cal.loaded = true; } if (ar[0] === L) { const api = function () { p(api, arguments); }; const namespace = ar[1]; api.q = api.q || []; if(typeof namespace === \"string\"){cal.ns[namespace] = cal.ns[namespace] || api;p(cal.ns[namespace], ar);p(cal, [\"initNamespace\", namespace]);} else p(cal, ar); return;} p(cal, ar); }; })(window, \"https:\/\/app.cal.com\/embed\/embed.js\", \"init\");\nCal(\"init\", \"30min\", {origin:\"https:\/\/cal.com\"});\n\n  Cal.ns[\"30min\"](\"inline\", {\n    elementOrSelector:\"#my-cal-inline\",\n    config: {\"layout\":\"month_view\"},\n    calLink: \"lejsalgskonsulent\/30min\",\n  });\n\n  Cal.ns[\"30min\"](\"ui\", {\"styles\":{\"branding\":{\"brandColor\":\"#1A446E\"}},\"hideEventTypeDetails\":false,\"layout\":\"month_view\"});\n  <\/script>\n  <!-- Cal inline embed code ends -->\t\t\t\t<\/div>\n\t\t\t\t<\/div>\n\t\t\t\t\t<\/div>\n\t\t\t\t<\/div>\n\t\t\t\t<\/div>\n\t\t","protected":false},"excerpt":{"rendered":"<p>Our Blog Vis Alle Uncategorized @da S\u00e5dan Hj\u00e6lper AI og M\u00f8debooking Virksomheder med at Tr\u00e6nge Ind p\u00e5 Det Skandinaviske Marked At tr\u00e6de ind p\u00e5 det skandinaviske marked kan v\u00e6re en kompleks proces, is\u00e6r for virksomheder udenfor regionen. De unikke krav, herunder strenge GDPR-regler, kr\u00e6ver en velovervejet strategi. Hos\u00a0LejSalgKonsulent.dk\u00a0tilbyder vi avancerede AI-l\u00f8sninger og m\u00f8debookingstjenester, der g\u00f8r [&hellip;]<\/p>\n","protected":false},"author":1,"featured_media":0,"parent":0,"menu_order":0,"comment_status":"closed","ping_status":"closed","template":"elementor_header_footer","meta":{"footnotes":""},"class_list":["post-1041","page","type-page","status-publish","hentry"],"yoast_head":"<!-- This site is optimized with the Yoast SEO plugin v27.6 - https:\/\/yoast.com\/product\/yoast-seo-wordpress\/ -->\n<title>Sales and Marketing Tips | Lejsalgskonsulent.dk Blog<\/title>\n<meta name=\"description\" content=\"Get the latest tips and insights on effective sales, meeting booking, exporting and marketing. Read our blog for advice and strategies.\" \/>\n<meta name=\"robots\" content=\"index, follow, max-snippet:-1, max-image-preview:large, max-video-preview:-1\" \/>\n<link rel=\"canonical\" href=\"https:\/\/lejsalgskonsulent.dk\/en\/blog\/\" \/>\n<meta property=\"og:locale\" content=\"en_US\" \/>\n<meta property=\"og:type\" content=\"article\" \/>\n<meta property=\"og:title\" content=\"Sales and Marketing Tips | Lejsalgskonsulent.dk Blog\" \/>\n<meta property=\"og:description\" content=\"Get the latest tips and insights on effective sales, meeting booking, exporting and marketing. Read our blog for advice and strategies.\" \/>\n<meta property=\"og:url\" content=\"https:\/\/lejsalgskonsulent.dk\/en\/blog\/\" \/>\n<meta property=\"og:site_name\" content=\"lejsalgskonsulent\" \/>\n<meta property=\"article:modified_time\" content=\"2024-09-16T13:59:11+00:00\" \/>\n<meta property=\"og:image\" content=\"https:\/\/lejsalgskonsulent.dk\/wp-content\/uploads\/2024\/09\/cropped-Skype_Picture_2024_04_11T14_01_00_956Z.png\" \/>\n\t<meta property=\"og:image:width\" content=\"424\" \/>\n\t<meta property=\"og:image:height\" content=\"117\" \/>\n\t<meta property=\"og:image:type\" content=\"image\/png\" \/>\n<meta name=\"twitter:card\" content=\"summary_large_image\" \/>\n<meta name=\"twitter:label1\" content=\"Est. reading time\" \/>\n\t<meta name=\"twitter:data1\" content=\"2 minutes\" \/>\n<script type=\"application\/ld+json\" class=\"yoast-schema-graph\">{\"@context\":\"https:\\\/\\\/schema.org\",\"@graph\":[{\"@type\":\"WebPage\",\"@id\":\"https:\\\/\\\/lejsalgskonsulent.dk\\\/en\\\/blog\\\/\",\"url\":\"https:\\\/\\\/lejsalgskonsulent.dk\\\/en\\\/blog\\\/\",\"name\":\"Sales and Marketing Tips | Lejsalgskonsulent.dk Blog\",\"isPartOf\":{\"@id\":\"https:\\\/\\\/lejsalgskonsulent.dk\\\/en\\\/#website\"},\"datePublished\":\"2024-09-06T21:41:23+00:00\",\"dateModified\":\"2024-09-16T13:59:11+00:00\",\"description\":\"Get the latest tips and insights on effective sales, meeting booking, exporting and marketing. Read our blog for advice and strategies.\",\"breadcrumb\":{\"@id\":\"https:\\\/\\\/lejsalgskonsulent.dk\\\/en\\\/blog\\\/#breadcrumb\"},\"inLanguage\":\"en-US\",\"potentialAction\":[{\"@type\":\"ReadAction\",\"target\":[\"https:\\\/\\\/lejsalgskonsulent.dk\\\/en\\\/blog\\\/\"]}]},{\"@type\":\"BreadcrumbList\",\"@id\":\"https:\\\/\\\/lejsalgskonsulent.dk\\\/en\\\/blog\\\/#breadcrumb\",\"itemListElement\":[{\"@type\":\"ListItem\",\"position\":1,\"name\":\"Home\",\"item\":\"https:\\\/\\\/lejsalgskonsulent.dk\\\/en\\\/your-home\\\/\"},{\"@type\":\"ListItem\",\"position\":2,\"name\":\"Blog\"}]},{\"@type\":\"WebSite\",\"@id\":\"https:\\\/\\\/lejsalgskonsulent.dk\\\/en\\\/#website\",\"url\":\"https:\\\/\\\/lejsalgskonsulent.dk\\\/en\\\/\",\"name\":\"lejsalgskonsulent.dk\",\"description\":\"Optimer din salgsstrategi med vores eksperter &ndash; uden binding.\",\"publisher\":{\"@id\":\"https:\\\/\\\/lejsalgskonsulent.dk\\\/en\\\/#organization\"},\"potentialAction\":[{\"@type\":\"SearchAction\",\"target\":{\"@type\":\"EntryPoint\",\"urlTemplate\":\"https:\\\/\\\/lejsalgskonsulent.dk\\\/en\\\/?s={search_term_string}\"},\"query-input\":{\"@type\":\"PropertyValueSpecification\",\"valueRequired\":true,\"valueName\":\"search_term_string\"}}],\"inLanguage\":\"en-US\"},{\"@type\":\"Organization\",\"@id\":\"https:\\\/\\\/lejsalgskonsulent.dk\\\/en\\\/#organization\",\"name\":\"Lejsalgskonsulent\",\"url\":\"https:\\\/\\\/lejsalgskonsulent.dk\\\/en\\\/\",\"logo\":{\"@type\":\"ImageObject\",\"inLanguage\":\"en-US\",\"@id\":\"https:\\\/\\\/lejsalgskonsulent.dk\\\/en\\\/#\\\/schema\\\/logo\\\/image\\\/\",\"url\":\"https:\\\/\\\/lejsalgskonsulent.dk\\\/wp-content\\\/uploads\\\/2024\\\/09\\\/cropped-favicon2.png\",\"contentUrl\":\"https:\\\/\\\/lejsalgskonsulent.dk\\\/wp-content\\\/uploads\\\/2024\\\/09\\\/cropped-favicon2.png\",\"width\":512,\"height\":512,\"caption\":\"Lejsalgskonsulent\"},\"image\":{\"@id\":\"https:\\\/\\\/lejsalgskonsulent.dk\\\/en\\\/#\\\/schema\\\/logo\\\/image\\\/\"},\"sameAs\":[\"https:\\\/\\\/www.linkedin.com\\\/in\\\/lejsalgskonsulent-dk\\\/\"]}]}<\/script>\n<!-- \/ Yoast SEO plugin. -->","yoast_head_json":{"title":"Sales and Marketing Tips | Lejsalgskonsulent.dk Blog","description":"Get the latest tips and insights on effective sales, meeting booking, exporting and marketing. Read our blog for advice and strategies.","robots":{"index":"index","follow":"follow","max-snippet":"max-snippet:-1","max-image-preview":"max-image-preview:large","max-video-preview":"max-video-preview:-1"},"canonical":"https:\/\/lejsalgskonsulent.dk\/en\/blog\/","og_locale":"en_US","og_type":"article","og_title":"Sales and Marketing Tips | Lejsalgskonsulent.dk Blog","og_description":"Get the latest tips and insights on effective sales, meeting booking, exporting and marketing. Read our blog for advice and strategies.","og_url":"https:\/\/lejsalgskonsulent.dk\/en\/blog\/","og_site_name":"lejsalgskonsulent","article_modified_time":"2024-09-16T13:59:11+00:00","og_image":[{"width":424,"height":117,"url":"https:\/\/lejsalgskonsulent.dk\/wp-content\/uploads\/2024\/09\/cropped-Skype_Picture_2024_04_11T14_01_00_956Z.png","type":"image\/png"}],"twitter_card":"summary_large_image","twitter_misc":{"Est. reading time":"2 minutes"},"schema":{"@context":"https:\/\/schema.org","@graph":[{"@type":"WebPage","@id":"https:\/\/lejsalgskonsulent.dk\/en\/blog\/","url":"https:\/\/lejsalgskonsulent.dk\/en\/blog\/","name":"Sales and Marketing Tips | Lejsalgskonsulent.dk Blog","isPartOf":{"@id":"https:\/\/lejsalgskonsulent.dk\/en\/#website"},"datePublished":"2024-09-06T21:41:23+00:00","dateModified":"2024-09-16T13:59:11+00:00","description":"Get the latest tips and insights on effective sales, meeting booking, exporting and marketing. Read our blog for advice and strategies.","breadcrumb":{"@id":"https:\/\/lejsalgskonsulent.dk\/en\/blog\/#breadcrumb"},"inLanguage":"en-US","potentialAction":[{"@type":"ReadAction","target":["https:\/\/lejsalgskonsulent.dk\/en\/blog\/"]}]},{"@type":"BreadcrumbList","@id":"https:\/\/lejsalgskonsulent.dk\/en\/blog\/#breadcrumb","itemListElement":[{"@type":"ListItem","position":1,"name":"Home","item":"https:\/\/lejsalgskonsulent.dk\/en\/your-home\/"},{"@type":"ListItem","position":2,"name":"Blog"}]},{"@type":"WebSite","@id":"https:\/\/lejsalgskonsulent.dk\/en\/#website","url":"https:\/\/lejsalgskonsulent.dk\/en\/","name":"lejsalgskonsulent.dk","description":"Optimer din salgsstrategi med vores eksperter &ndash; uden binding.","publisher":{"@id":"https:\/\/lejsalgskonsulent.dk\/en\/#organization"},"potentialAction":[{"@type":"SearchAction","target":{"@type":"EntryPoint","urlTemplate":"https:\/\/lejsalgskonsulent.dk\/en\/?s={search_term_string}"},"query-input":{"@type":"PropertyValueSpecification","valueRequired":true,"valueName":"search_term_string"}}],"inLanguage":"en-US"},{"@type":"Organization","@id":"https:\/\/lejsalgskonsulent.dk\/en\/#organization","name":"Lejsalgskonsulent","url":"https:\/\/lejsalgskonsulent.dk\/en\/","logo":{"@type":"ImageObject","inLanguage":"en-US","@id":"https:\/\/lejsalgskonsulent.dk\/en\/#\/schema\/logo\/image\/","url":"https:\/\/lejsalgskonsulent.dk\/wp-content\/uploads\/2024\/09\/cropped-favicon2.png","contentUrl":"https:\/\/lejsalgskonsulent.dk\/wp-content\/uploads\/2024\/09\/cropped-favicon2.png","width":512,"height":512,"caption":"Lejsalgskonsulent"},"image":{"@id":"https:\/\/lejsalgskonsulent.dk\/en\/#\/schema\/logo\/image\/"},"sameAs":["https:\/\/www.linkedin.com\/in\/lejsalgskonsulent-dk\/"]}]}},"_links":{"self":[{"href":"https:\/\/lejsalgskonsulent.dk\/en\/wp-json\/wp\/v2\/pages\/1041","targetHints":{"allow":["GET"]}}],"collection":[{"href":"https:\/\/lejsalgskonsulent.dk\/en\/wp-json\/wp\/v2\/pages"}],"about":[{"href":"https:\/\/lejsalgskonsulent.dk\/en\/wp-json\/wp\/v2\/types\/page"}],"author":[{"embeddable":true,"href":"https:\/\/lejsalgskonsulent.dk\/en\/wp-json\/wp\/v2\/users\/1"}],"replies":[{"embeddable":true,"href":"https:\/\/lejsalgskonsulent.dk\/en\/wp-json\/wp\/v2\/comments?post=1041"}],"version-history":[{"count":1,"href":"https:\/\/lejsalgskonsulent.dk\/en\/wp-json\/wp\/v2\/pages\/1041\/revisions"}],"predecessor-version":[{"id":1042,"href":"https:\/\/lejsalgskonsulent.dk\/en\/wp-json\/wp\/v2\/pages\/1041\/revisions\/1042"}],"wp:attachment":[{"href":"https:\/\/lejsalgskonsulent.dk\/en\/wp-json\/wp\/v2\/media?parent=1041"}],"curies":[{"name":"wp","href":"https:\/\/api.w.org\/{rel}","templated":true}]}}